{"id":519,"date":"2025-08-11T12:35:04","date_gmt":"2025-08-11T10:35:04","guid":{"rendered":"https:\/\/ingeborgbonnevie.dk\/?page_id=519"},"modified":"2025-09-15T09:13:39","modified_gmt":"2025-09-15T07:13:39","slug":"priser","status":"publish","type":"page","link":"https:\/\/ingeborgbonnevie.dk\/index.php\/priser\/","title":{"rendered":"Priser"},"content":{"rendered":"<section class=\"bde-section-519-106 bde-section\">\n  \n  \n\t\n\n\n\n<div class=\"section-container\"><div class=\"bde-columns-519-122 bde-columns\"><div class=\"bde-column-519-123 bde-column\">\n  \n  \n\t\n\n\n\n<div class=\"bde-fancy-container-519-126 bde-fancy-container\">\n              \n  \n  \n\t\n\n  <div class=\"section-background-overlay\"><\/div>\n\n\n<div class=\"bde-div-519-127 bde-div\">\n  \n  \n\t\n\n\n\n<h2 class=\"bde-heading-519-128 bde-heading\">\nPriser\n<\/h2><div class=\"bde-grid-519-108 bde-grid\">\n  \n  \n\t\n\n\n\n<div class=\"bde-text-519-109 bde-text\">\nIndividuel konsultation, voksne \n<\/div><div class=\"bde-text-519-110 bde-text\">\n50 min.\n<\/div><div class=\"bde-text-519-137 bde-text\">\n1000 kr.\n<\/div><div class=\"bde-text-519-111 bde-text\">\nIndividuel konsultation, studerende, unge over 18 \u00e5r.<br> \n<\/div><div class=\"bde-text-519-112 bde-text\">\n50 min.\n<\/div><div class=\"bde-text-519-138 bde-text\">\n900 kr.\n<\/div><div class=\"bde-text-519-113 bde-text\">\nParsamtaler\/terapi     \n<\/div><div class=\"bde-text-519-114 bde-text\">\n90 min.\n<\/div><div class=\"bde-text-519-139 bde-text\">\n1800 kr.\n<\/div><div class=\"bde-text-519-115 bde-text\">\nSupervision individuel \/ gruppe\n<\/div><div class=\"bde-text-519-116 bde-text\">\n (efter aftale) \n<\/div><div class=\"bde-text-519-140 bde-text\">\n (efter aftale) \n<\/div>\n<\/div><div class=\"bde-text-519-117 bde-text\">\n<br>Betaling foreg\u00e5r ved afslutning af konsultationen via MobilePay eller via bankoverf\u00f8rsel.\n<\/div><div class=\"bde-fancy-divider-519-132 bde-fancy-divider\">\n\n\n<div class=\"bde-fancy-divider__wrapper\">\n  <div class=\"bde-fancy-divider__separator   \">\n  \t  <\/div>\n<\/div>\n\n<\/div><h3 class=\"bde-heading-519-118 bde-heading\">\nPraktisk Information:\n<\/h3><div class=\"bde-text-519-130 bde-text\">\n \n<\/div><div class=\"bde-text-519-131 bde-text\">\nJeg har i \u00f8jeblikket ingen ventetid.<br><br>\u00d8nsker du samtaler telefonisk, kan dette ogs\u00e5 lade sig g\u00f8re. \n<\/div><div class=\"bde-text-519-119 bde-text\">\n<br>PS: Jeg er ikke tilknyttet den offentlige sygesikring og kan derfor ikke tage imod henvisning fra egen l\u00e6ge. Men v\u00e6r opm\u00e6rksom p\u00e5 tilskudsregler.\n<\/div><div class=\"bde-rich-text-519-134 bde-rich-text breakdance-rich-text-styles\">\n<p><strong>Tilskud:<\/strong><\/p><p>Medlemskab af <strong>Sygeforsikringen Danmark<\/strong> giver tilskud til psykologbehandling. Det kr\u00e6ver, at den psykolog , du v\u00e6lger er autoriseret.\u00a0 \u00a0Du kan altid kontakte sygeforsikringen Danmark for at h\u00f8re hvilke muligheder, du har.\u00a0 \u00a0 \u00a0 \u00a0 \u00a0 \u00a0 \u00a0 \u00a0 \u00a0 \u00a0 \u00a0 \u00a0 \u00a0 \u00a0 \u00a0 \u00a0 \u00a0 \u00a0 \u00a0 \u00a0 \u00a0 \u00a0 \u00a0 \u00a0 \u00a0 \u00a0 \u00a0 \u00a0 \u00a0 \u00a0 \u00a0 \u00a0 \u00a0 \u00a0 \u00a0 \u00a0 \u00a0 \u00a0 \u00a0\u00a0<\/p><p>Har du en <strong>privat Sundhedsforsikring<\/strong>, kan den\u00a0 muligvis d\u00e6kke dine psykologsamtaler helt eller delvist.\u00a0 Forh\u00f8r dig hos din forsikring.\u00a0 \u00a0 \u00a0 \u00a0 \u00a0 \u00a0 \u00a0 \u00a0 \u00a0 \u00a0 \u00a0 \u00a0 \u00a0 \u00a0 \u00a0 \u00a0 \u00a0 \u00a0 \u00a0 \u00a0 \u00a0 \u00a0 \u00a0 \u00a0 \u00a0 \u00a0 \u00a0 \u00a0 \u00a0 \u00a0 \u00a0 \u00a0 \u00a0 \u00a0 \u00a0 \u00a0 \u00a0 \u00a0 \u00a0 \u00a0 \u00a0 \u00a0 \u00a0 \u00a0 \u00a0 \u00a0 \u00a0 \u00a0 \u00a0 \u00a0 \u00a0 \u00a0 \u00a0<\/p><p>Din <strong>arbejdsgiver<\/strong> kan have en forsikring, som d\u00e6kker psykologhj\u00e6lp til medarbejderne.\u00a0 \u00a0 \u00a0 \u00a0 \u00a0 \u00a0 \u00a0 \u00a0 \u00a0 \u00a0 \u00a0 \u00a0 \u00a0 \u00a0 \u00a0 \u00a0 \u00a0 \u00a0 \u00a0 \u00a0 \u00a0 \u00a0 \u00a0 \u00a0 \u00a0 \u00a0 \u00a0 \u00a0 \u00a0 \u00a0\u00a0<\/p><p>Der er ogs\u00e5 den mulighed at s\u00f8ge om tilskud til psykologsamtaler gennem <strong>fagforening<\/strong> eller <strong>socialforvaltning.<\/strong><\/p><p>\u00a0<\/p>\n<\/div><div class=\"bde-rich-text-519-136 bde-rich-text breakdance-rich-text-styles\">\n<p><strong>Afbud og udeblivelse:<\/strong><\/p><p>Afbud skal ske senest kl. 15 dagen f\u00f8r en aftalt konsultation.\u00a0 Ved akut sygdom samme dag -\u00a0 inden kl. 8.<\/p><p>Ved afbud efter disse tidspunkter eller ved udeblivelse, afregnes det fulde bel\u00f8b.<\/p>\n<\/div>\n<\/div>\n<\/div>\n<\/div><div class=\"bde-column-519-133 bde-column\">\n  \n  \n\t\n\n\n\n\n<\/div><div class=\"bde-column-519-124 bde-column\">\n  \n  \n\t\n\n\n\n<div class=\"bde-div-519-125 bde-div\">\n  \n  \n\t\n\n\n\n\n<\/div>\n<\/div><\/div><\/div>\n<\/section>","protected":false},"excerpt":{"rendered":"<p>Priser Individuel konsultation, voksne 50 min. 1000 kr. Individuel konsultation, studerende, unge over 18 \u00e5r. 50 min. 900 kr. Parsamtaler\/terapi 90 min. 1800 kr. Supervision individuel \/ gruppe (efter aftale) (efter aftale) Betaling foreg\u00e5r ved afslutning af konsultationen via MobilePay eller via bankoverf\u00f8rsel. Praktisk Information: Jeg har i \u00f8jeblikket ingen ventetid.\u00d8nsker du samtaler telefonisk, kan [&hellip;]<\/p>\n","protected":false},"author":1,"featured_media":0,"parent":0,"menu_order":0,"comment_status":"closed","ping_status":"closed","template":"","meta":{"_breakdance_hide_in_design_set":false,"_breakdance_tags":"","footnotes":""},"class_list":["post-519","page","type-page","status-publish","hentry"],"yoast_head":"<!-- This site is optimized with the Yoast SEO plugin v25.8 - https:\/\/yoast.com\/wordpress\/plugins\/seo\/ -->\n<title>Priser - Psykolog - Ingeborg Bonnevie<\/title>\n<meta name=\"robots\" content=\"index, follow, max-snippet:-1, max-image-preview:large, max-video-preview:-1\" \/>\n<link rel=\"canonical\" href=\"https:\/\/ingeborgbonnevie.dk\/index.php\/priser\/\" \/>\n<meta property=\"og:locale\" content=\"da_DK\" \/>\n<meta property=\"og:type\" content=\"article\" \/>\n<meta property=\"og:title\" content=\"Priser - Psykolog - Ingeborg Bonnevie\" \/>\n<meta property=\"og:description\" content=\"Priser Individuel konsultation, voksne 50 min. 1000 kr. Individuel konsultation, studerende, unge over 18 \u00e5r. 50 min. 900 kr. Parsamtaler\/terapi 90 min. 1800 kr. Supervision individuel \/ gruppe (efter aftale) (efter aftale) Betaling foreg\u00e5r ved afslutning af konsultationen via MobilePay eller via bankoverf\u00f8rsel. Praktisk Information: Jeg har i \u00f8jeblikket ingen ventetid.\u00d8nsker du samtaler telefonisk, kan [&hellip;]\" \/>\n<meta property=\"og:url\" content=\"https:\/\/ingeborgbonnevie.dk\/index.php\/priser\/\" \/>\n<meta property=\"og:site_name\" content=\"Psykolog - Ingeborg Bonnevie\" \/>\n<meta property=\"article:modified_time\" content=\"2025-09-15T07:13:39+00:00\" \/>\n<meta name=\"twitter:card\" content=\"summary_large_image\" \/>\n<meta name=\"twitter:label1\" content=\"Estimeret l\u00e6setid\" \/>\n\t<meta name=\"twitter:data1\" content=\"1 minut\" \/>\n<script type=\"application\/ld+json\" class=\"yoast-schema-graph\">{\"@context\":\"https:\/\/schema.org\",\"@graph\":[{\"@type\":\"WebPage\",\"@id\":\"https:\/\/ingeborgbonnevie.dk\/index.php\/priser\/\",\"url\":\"https:\/\/ingeborgbonnevie.dk\/index.php\/priser\/\",\"name\":\"Priser - Psykolog - Ingeborg Bonnevie\",\"isPartOf\":{\"@id\":\"https:\/\/ingeborgbonnevie.dk\/#website\"},\"datePublished\":\"2025-08-11T10:35:04+00:00\",\"dateModified\":\"2025-09-15T07:13:39+00:00\",\"breadcrumb\":{\"@id\":\"https:\/\/ingeborgbonnevie.dk\/index.php\/priser\/#breadcrumb\"},\"inLanguage\":\"da-DK\",\"potentialAction\":[{\"@type\":\"ReadAction\",\"target\":[\"https:\/\/ingeborgbonnevie.dk\/index.php\/priser\/\"]}]},{\"@type\":\"BreadcrumbList\",\"@id\":\"https:\/\/ingeborgbonnevie.dk\/index.php\/priser\/#breadcrumb\",\"itemListElement\":[{\"@type\":\"ListItem\",\"position\":1,\"name\":\"Hjem\",\"item\":\"https:\/\/ingeborgbonnevie.dk\/\"},{\"@type\":\"ListItem\",\"position\":2,\"name\":\"Priser\"}]},{\"@type\":\"WebSite\",\"@id\":\"https:\/\/ingeborgbonnevie.dk\/#website\",\"url\":\"https:\/\/ingeborgbonnevie.dk\/\",\"name\":\"Psykolog - Ingeborg Bonnevie\",\"description\":\"Autoriseret psykolog, specialist i psykoterapi, voksne\",\"potentialAction\":[{\"@type\":\"SearchAction\",\"target\":{\"@type\":\"EntryPoint\",\"urlTemplate\":\"https:\/\/ingeborgbonnevie.dk\/?s={search_term_string}\"},\"query-input\":{\"@type\":\"PropertyValueSpecification\",\"valueRequired\":true,\"valueName\":\"search_term_string\"}}],\"inLanguage\":\"da-DK\"}]}<\/script>\n<!-- \/ Yoast SEO plugin. -->","yoast_head_json":{"title":"Priser - Psykolog - Ingeborg Bonnevie","robots":{"index":"index","follow":"follow","max-snippet":"max-snippet:-1","max-image-preview":"max-image-preview:large","max-video-preview":"max-video-preview:-1"},"canonical":"https:\/\/ingeborgbonnevie.dk\/index.php\/priser\/","og_locale":"da_DK","og_type":"article","og_title":"Priser - Psykolog - Ingeborg Bonnevie","og_description":"Priser Individuel konsultation, voksne 50 min. 1000 kr. Individuel konsultation, studerende, unge over 18 \u00e5r. 50 min. 900 kr. Parsamtaler\/terapi 90 min. 1800 kr. Supervision individuel \/ gruppe (efter aftale) (efter aftale) Betaling foreg\u00e5r ved afslutning af konsultationen via MobilePay eller via bankoverf\u00f8rsel. Praktisk Information: Jeg har i \u00f8jeblikket ingen ventetid.\u00d8nsker du samtaler telefonisk, kan [&hellip;]","og_url":"https:\/\/ingeborgbonnevie.dk\/index.php\/priser\/","og_site_name":"Psykolog - Ingeborg Bonnevie","article_modified_time":"2025-09-15T07:13:39+00:00","twitter_card":"summary_large_image","twitter_misc":{"Estimeret l\u00e6setid":"1 minut"},"schema":{"@context":"https:\/\/schema.org","@graph":[{"@type":"WebPage","@id":"https:\/\/ingeborgbonnevie.dk\/index.php\/priser\/","url":"https:\/\/ingeborgbonnevie.dk\/index.php\/priser\/","name":"Priser - Psykolog - Ingeborg Bonnevie","isPartOf":{"@id":"https:\/\/ingeborgbonnevie.dk\/#website"},"datePublished":"2025-08-11T10:35:04+00:00","dateModified":"2025-09-15T07:13:39+00:00","breadcrumb":{"@id":"https:\/\/ingeborgbonnevie.dk\/index.php\/priser\/#breadcrumb"},"inLanguage":"da-DK","potentialAction":[{"@type":"ReadAction","target":["https:\/\/ingeborgbonnevie.dk\/index.php\/priser\/"]}]},{"@type":"BreadcrumbList","@id":"https:\/\/ingeborgbonnevie.dk\/index.php\/priser\/#breadcrumb","itemListElement":[{"@type":"ListItem","position":1,"name":"Hjem","item":"https:\/\/ingeborgbonnevie.dk\/"},{"@type":"ListItem","position":2,"name":"Priser"}]},{"@type":"WebSite","@id":"https:\/\/ingeborgbonnevie.dk\/#website","url":"https:\/\/ingeborgbonnevie.dk\/","name":"Psykolog - Ingeborg Bonnevie","description":"Autoriseret psykolog, specialist i psykoterapi, voksne","potentialAction":[{"@type":"SearchAction","target":{"@type":"EntryPoint","urlTemplate":"https:\/\/ingeborgbonnevie.dk\/?s={search_term_string}"},"query-input":{"@type":"PropertyValueSpecification","valueRequired":true,"valueName":"search_term_string"}}],"inLanguage":"da-DK"}]}},"_links":{"self":[{"href":"https:\/\/ingeborgbonnevie.dk\/index.php\/wp-json\/wp\/v2\/pages\/519","targetHints":{"allow":["GET"]}}],"collection":[{"href":"https:\/\/ingeborgbonnevie.dk\/index.php\/wp-json\/wp\/v2\/pages"}],"about":[{"href":"https:\/\/ingeborgbonnevie.dk\/index.php\/wp-json\/wp\/v2\/types\/page"}],"author":[{"embeddable":true,"href":"https:\/\/ingeborgbonnevie.dk\/index.php\/wp-json\/wp\/v2\/users\/1"}],"replies":[{"embeddable":true,"href":"https:\/\/ingeborgbonnevie.dk\/index.php\/wp-json\/wp\/v2\/comments?post=519"}],"version-history":[{"count":63,"href":"https:\/\/ingeborgbonnevie.dk\/index.php\/wp-json\/wp\/v2\/pages\/519\/revisions"}],"predecessor-version":[{"id":939,"href":"https:\/\/ingeborgbonnevie.dk\/index.php\/wp-json\/wp\/v2\/pages\/519\/revisions\/939"}],"wp:attachment":[{"href":"https:\/\/ingeborgbonnevie.dk\/index.php\/wp-json\/wp\/v2\/media?parent=519"}],"curies":[{"name":"wp","href":"https:\/\/api.w.org\/{rel}","templated":true}]}}