{"id":26,"date":"2025-07-06T12:30:37","date_gmt":"2025-07-06T10:30:37","guid":{"rendered":"https:\/\/ingeborgbonnevie.dk\/?page_id=26"},"modified":"2025-09-15T09:14:59","modified_gmt":"2025-09-15T07:14:59","slug":"forside","status":"publish","type":"page","link":"https:\/\/ingeborgbonnevie.dk\/","title":{"rendered":"Forside"},"content":{"rendered":"<section class=\"bde-section-26-100 bde-section\">\n  \n  \n\t\n\n\n\n<div class=\"section-container\"><div class=\"bde-columns-26-146 bde-columns\"><div class=\"bde-column-26-147 bde-column\">\n  \n  \n\t\n\n\n\n<div class=\"bde-fancy-container-26-121 bde-fancy-container\">\n              \n  \n  \n\t\n\n  <div class=\"section-background-overlay\"><\/div>\n\n\n<div class=\"bde-div-26-125 bde-div\">\n  \n  \n\t\n\n\n\n<div class=\"bde-columns-26-151 bde-columns\"><div class=\"bde-column-26-152 bde-column\">\n  \n  \n\t\n\n\n\n<img decoding=\"async\" class=\"bde-image2-26-169 bde-image2\" src=\"https:\/\/ingeborgbonnevie.dk\/wp-content\/uploads\/2025\/08\/Ingeborg-Bonnevie-Edited-1.png\" loading=\"lazy\" srcset=\"https:\/\/ingeborgbonnevie.dk\/wp-content\/uploads\/2025\/08\/Ingeborg-Bonnevie-Edited-1.png 868w, https:\/\/ingeborgbonnevie.dk\/wp-content\/uploads\/2025\/08\/Ingeborg-Bonnevie-Edited-1-300x289.png 300w, https:\/\/ingeborgbonnevie.dk\/wp-content\/uploads\/2025\/08\/Ingeborg-Bonnevie-Edited-1-768x741.png 768w\" sizes=\"(max-width: 868px) 100vw, 868px\">\n<\/div><div class=\"bde-column-26-153 bde-column\">\n  \n  \n\t\n\n\n\n<h2 class=\"bde-heading-26-128 bde-heading\">\n    Velkommen\n<\/h2>\n<\/div><\/div>\n<\/div><div class=\"bde-div-26-124 bde-div\">\n  \n  \n\t\n\n\n\n<div class=\"bde-div-26-142 bde-div\">\n  \n  \n\t\n\n\n\n<div class=\"bde-text-26-144 bde-text\">\nVelkommen til min hjemmeside. Her kan du finde oplysninger om  hvad jeg kan tilbyde, min faglige baggrund, hvordan jeg arbejder samt andre relevante og praktiske informationer.<br><br>Jeg er autoriseret psykolog med  speciale i psykodynamisk psykoterapi. Jeg har 25 \u00e5rs erfaring med r\u00e5dgivning, samtaler og terapi indenfor en bred vifte af problemomr\u00e5der, fx eksistentielle kriser, depression, angst,  stres, belastningstilstande og andre forskellige former for manglende trivsel (se under Ydelser).<br><br>I m\u00f8det med dig l\u00e6gger jeg v\u00e6gt p\u00e5 en tillidsv\u00e6kkende atmosf\u00e6re, hvor respekt, empati, faglighed,  n\u00e6rv\u00e6r og opm\u00e6rksomhed p\u00e5 den problemstilling, du kommer med, er i fokus. <br>Der er DIN oplevelse af din situation og det, du har brug for at f\u00e5 afklaret, som er i centrum for samtalen. <br>M\u00e5let er bl.a. at styrke dine ressourcer, s\u00e5 du nemmere kan komme overens med vanskeligheder p\u00e5 en for dig hensigtsm\u00e6ssig m\u00e5de -  og opn\u00e5  bedre trivsel.<br><br><br>Jeg har i \u00f8jeblikket ingen ventetider\n<\/div>\n<\/div><div class=\"bde-fancy-divider-26-131 bde-fancy-divider\">\n\n\n<div class=\"bde-fancy-divider__wrapper\">\n  <div class=\"bde-fancy-divider__separator   \">\n  \t  <\/div>\n<\/div>\n\n<\/div><div class=\"bde-div-26-132 bde-div\">\n  \n  \n\t\n\n\n\n<h3 class=\"bde-heading-26-133 bde-heading\">\nJeg tilbyder:\n<\/h3><ul class=\"bde-basic-list-26-134 bde-basic-list\">\n  <li  >    \n          Samtaler, terapi og r\u00e5dgivning til  voksne  og unge over 18 \u00e5r\n      <\/li>\n  <li  >    \n          Parsamtaler - Parterapi \n      <\/li>\n  <li  >    \n          Supervision individuelt \/ gruppe\n      <\/li>\n  <li  >    \n          R\u00e5dgivning \/ samtaler med p\u00e5r\u00f8rende til psykisk \/ fysisk syge\n      <\/li>\n<\/ul>\n<\/div>\n<\/div>\n<\/div>\n<\/div><div class=\"bde-column-26-170 bde-column\">\n  \n  \n\t\n\n\n\n\n<\/div><div class=\"bde-column-26-148 bde-column\">\n  \n  \n\t\n\n\n\n<div class=\"bde-div-26-150 bde-div\">\n  \n  \n\t\n\n\n\n\n<\/div>\n<\/div><\/div><\/div>\n<\/section>","protected":false},"excerpt":{"rendered":"<p>Velkommen Velkommen til min hjemmeside. Her kan du finde oplysninger om hvad jeg kan tilbyde, min faglige baggrund, hvordan jeg arbejder samt andre relevante og praktiske informationer.Jeg er autoriseret psykolog med speciale i psykodynamisk psykoterapi. Jeg har 25 \u00e5rs erfaring med r\u00e5dgivning, samtaler og terapi indenfor en bred vifte af problemomr\u00e5der, fx eksistentielle kriser, depression, [&hellip;]<\/p>\n","protected":false},"author":1,"featured_media":0,"parent":0,"menu_order":0,"comment_status":"closed","ping_status":"closed","template":"","meta":{"_breakdance_hide_in_design_set":false,"_breakdance_tags":"","footnotes":""},"class_list":["post-26","page","type-page","status-publish","hentry"],"yoast_head":"<!-- This site is optimized with the Yoast SEO plugin v25.8 - https:\/\/yoast.com\/wordpress\/plugins\/seo\/ -->\n<title>Forside - Psykolog - Ingeborg Bonnevie<\/title>\n<meta name=\"robots\" content=\"index, follow, max-snippet:-1, max-image-preview:large, max-video-preview:-1\" \/>\n<link rel=\"canonical\" href=\"https:\/\/ingeborgbonnevie.dk\/\" \/>\n<meta property=\"og:locale\" content=\"da_DK\" \/>\n<meta property=\"og:type\" content=\"article\" \/>\n<meta property=\"og:title\" content=\"Forside - Psykolog - Ingeborg Bonnevie\" \/>\n<meta property=\"og:description\" content=\"Velkommen Velkommen til min hjemmeside. Her kan du finde oplysninger om hvad jeg kan tilbyde, min faglige baggrund, hvordan jeg arbejder samt andre relevante og praktiske informationer.Jeg er autoriseret psykolog med speciale i psykodynamisk psykoterapi. Jeg har 25 \u00e5rs erfaring med r\u00e5dgivning, samtaler og terapi indenfor en bred vifte af problemomr\u00e5der, fx eksistentielle kriser, depression, [&hellip;]\" \/>\n<meta property=\"og:url\" content=\"https:\/\/ingeborgbonnevie.dk\/\" \/>\n<meta property=\"og:site_name\" content=\"Psykolog - Ingeborg Bonnevie\" \/>\n<meta property=\"article:modified_time\" content=\"2025-09-15T07:14:59+00:00\" \/>\n<meta name=\"twitter:card\" content=\"summary_large_image\" \/>\n<meta name=\"twitter:label1\" content=\"Estimeret l\u00e6setid\" \/>\n\t<meta name=\"twitter:data1\" content=\"2 minutter\" \/>\n<script type=\"application\/ld+json\" class=\"yoast-schema-graph\">{\"@context\":\"https:\/\/schema.org\",\"@graph\":[{\"@type\":\"WebPage\",\"@id\":\"https:\/\/ingeborgbonnevie.dk\/\",\"url\":\"https:\/\/ingeborgbonnevie.dk\/\",\"name\":\"Forside - Psykolog - Ingeborg Bonnevie\",\"isPartOf\":{\"@id\":\"https:\/\/ingeborgbonnevie.dk\/#website\"},\"datePublished\":\"2025-07-06T10:30:37+00:00\",\"dateModified\":\"2025-09-15T07:14:59+00:00\",\"breadcrumb\":{\"@id\":\"https:\/\/ingeborgbonnevie.dk\/#breadcrumb\"},\"inLanguage\":\"da-DK\",\"potentialAction\":[{\"@type\":\"ReadAction\",\"target\":[\"https:\/\/ingeborgbonnevie.dk\/\"]}]},{\"@type\":\"BreadcrumbList\",\"@id\":\"https:\/\/ingeborgbonnevie.dk\/#breadcrumb\",\"itemListElement\":[{\"@type\":\"ListItem\",\"position\":1,\"name\":\"Hjem\",\"item\":\"https:\/\/ingeborgbonnevie.dk\/\"},{\"@type\":\"ListItem\",\"position\":2,\"name\":\"Forside\"}]},{\"@type\":\"WebSite\",\"@id\":\"https:\/\/ingeborgbonnevie.dk\/#website\",\"url\":\"https:\/\/ingeborgbonnevie.dk\/\",\"name\":\"Psykolog - Ingeborg Bonnevie\",\"description\":\"Autoriseret psykolog, specialist i psykoterapi, voksne\",\"potentialAction\":[{\"@type\":\"SearchAction\",\"target\":{\"@type\":\"EntryPoint\",\"urlTemplate\":\"https:\/\/ingeborgbonnevie.dk\/?s={search_term_string}\"},\"query-input\":{\"@type\":\"PropertyValueSpecification\",\"valueRequired\":true,\"valueName\":\"search_term_string\"}}],\"inLanguage\":\"da-DK\"}]}<\/script>\n<!-- \/ Yoast SEO plugin. -->","yoast_head_json":{"title":"Forside - Psykolog - Ingeborg Bonnevie","robots":{"index":"index","follow":"follow","max-snippet":"max-snippet:-1","max-image-preview":"max-image-preview:large","max-video-preview":"max-video-preview:-1"},"canonical":"https:\/\/ingeborgbonnevie.dk\/","og_locale":"da_DK","og_type":"article","og_title":"Forside - Psykolog - Ingeborg Bonnevie","og_description":"Velkommen Velkommen til min hjemmeside. Her kan du finde oplysninger om hvad jeg kan tilbyde, min faglige baggrund, hvordan jeg arbejder samt andre relevante og praktiske informationer.Jeg er autoriseret psykolog med speciale i psykodynamisk psykoterapi. Jeg har 25 \u00e5rs erfaring med r\u00e5dgivning, samtaler og terapi indenfor en bred vifte af problemomr\u00e5der, fx eksistentielle kriser, depression, [&hellip;]","og_url":"https:\/\/ingeborgbonnevie.dk\/","og_site_name":"Psykolog - Ingeborg Bonnevie","article_modified_time":"2025-09-15T07:14:59+00:00","twitter_card":"summary_large_image","twitter_misc":{"Estimeret l\u00e6setid":"2 minutter"},"schema":{"@context":"https:\/\/schema.org","@graph":[{"@type":"WebPage","@id":"https:\/\/ingeborgbonnevie.dk\/","url":"https:\/\/ingeborgbonnevie.dk\/","name":"Forside - Psykolog - Ingeborg Bonnevie","isPartOf":{"@id":"https:\/\/ingeborgbonnevie.dk\/#website"},"datePublished":"2025-07-06T10:30:37+00:00","dateModified":"2025-09-15T07:14:59+00:00","breadcrumb":{"@id":"https:\/\/ingeborgbonnevie.dk\/#breadcrumb"},"inLanguage":"da-DK","potentialAction":[{"@type":"ReadAction","target":["https:\/\/ingeborgbonnevie.dk\/"]}]},{"@type":"BreadcrumbList","@id":"https:\/\/ingeborgbonnevie.dk\/#breadcrumb","itemListElement":[{"@type":"ListItem","position":1,"name":"Hjem","item":"https:\/\/ingeborgbonnevie.dk\/"},{"@type":"ListItem","position":2,"name":"Forside"}]},{"@type":"WebSite","@id":"https:\/\/ingeborgbonnevie.dk\/#website","url":"https:\/\/ingeborgbonnevie.dk\/","name":"Psykolog - Ingeborg Bonnevie","description":"Autoriseret psykolog, specialist i psykoterapi, voksne","potentialAction":[{"@type":"SearchAction","target":{"@type":"EntryPoint","urlTemplate":"https:\/\/ingeborgbonnevie.dk\/?s={search_term_string}"},"query-input":{"@type":"PropertyValueSpecification","valueRequired":true,"valueName":"search_term_string"}}],"inLanguage":"da-DK"}]}},"_links":{"self":[{"href":"https:\/\/ingeborgbonnevie.dk\/index.php\/wp-json\/wp\/v2\/pages\/26","targetHints":{"allow":["GET"]}}],"collection":[{"href":"https:\/\/ingeborgbonnevie.dk\/index.php\/wp-json\/wp\/v2\/pages"}],"about":[{"href":"https:\/\/ingeborgbonnevie.dk\/index.php\/wp-json\/wp\/v2\/types\/page"}],"author":[{"embeddable":true,"href":"https:\/\/ingeborgbonnevie.dk\/index.php\/wp-json\/wp\/v2\/users\/1"}],"replies":[{"embeddable":true,"href":"https:\/\/ingeborgbonnevie.dk\/index.php\/wp-json\/wp\/v2\/comments?post=26"}],"version-history":[{"count":220,"href":"https:\/\/ingeborgbonnevie.dk\/index.php\/wp-json\/wp\/v2\/pages\/26\/revisions"}],"predecessor-version":[{"id":943,"href":"https:\/\/ingeborgbonnevie.dk\/index.php\/wp-json\/wp\/v2\/pages\/26\/revisions\/943"}],"wp:attachment":[{"href":"https:\/\/ingeborgbonnevie.dk\/index.php\/wp-json\/wp\/v2\/media?parent=26"}],"curies":[{"name":"wp","href":"https:\/\/api.w.org\/{rel}","templated":true}]}}