{"id":127,"date":"2025-07-06T15:56:18","date_gmt":"2025-07-06T13:56:18","guid":{"rendered":"https:\/\/ingeborgbonnevie.dk\/?page_id=127"},"modified":"2025-09-15T09:14:16","modified_gmt":"2025-09-15T07:14:16","slug":"min-arbejdsmaade","status":"publish","type":"page","link":"https:\/\/ingeborgbonnevie.dk\/index.php\/min-arbejdsmaade\/","title":{"rendered":"Min arbejdsm\u00e5de"},"content":{"rendered":"<section class=\"bde-section-127-100 bde-section\">\n              \n  \n  \n\t\n\n\n\n<div class=\"section-container\"><div class=\"bde-columns-127-111 bde-columns\"><div class=\"bde-column-127-112 bde-column\">\n  \n  \n\t\n\n\n\n<div class=\"bde-fancy-container-127-109 bde-fancy-container\">\n              \n  \n  \n\t\n\n  <div class=\"section-background-overlay\"><\/div>\n\n\n<div class=\"bde-div-127-115 bde-div\">\n  \n  \n\t\n\n\n\n<h2 class=\"bde-heading-127-116 bde-heading\">\nMin arbejdsm\u00e5de\n<\/h2><div class=\"bde-text-127-119 bde-text\">\nDet kan kr\u00e6ve b\u00e5de mod og overvindelse, at s\u00f8ge psykologhj\u00e6lp for at f\u00e5 klaring p\u00e5 en problematik, som m\u00e5ske har bevirket en form for d\u00e5rlig trivsel.  Men under hver samtale, tilstr\u00e6ber jeg, at skabe en tillidsv\u00e6kkende atmosf\u00e6re, som betyder at du oplever dig h\u00f8rt og forst\u00e5et, - men ogs\u00e5 til tider udfordret.<br> <br>Fagligt arbejder jeg psykodynamisk, som bl.a. har blik for, hvordan udfordringer i barndom og opv\u00e6kst, kan pr\u00e6ge ens selvbillede og m\u00e5de at reagere p\u00e5 i voksenlivet. Men det vil altid v\u00e6re s\u00e5dan, at jeg tager udgangspunkt i din individuelle  situation og din aktuelle problemstilling. <br>  <br>Via den f\u00e6lles dialog, har vi mulighed for sammen at unders\u00f8ge  og finde frem til en forst\u00e5else af netop din problematik; at du f\u00e5r hj\u00e6lp til at bearbejde dine f\u00f8lelser, tanker og eventuelle belastende oplevelser. Det kan for dig  \u00e5bne nye veje og andre m\u00e5der at forst\u00e5 dine udfordringer p\u00e5. <br><br> Det betyder at du bliver mere bevidst om dine vanskeligheder, men ogs\u00e5 om dine st\u00e6rke sider, ressourcer og kompetencer. <br>Det kan sk\u00e6rpe din evne til at v\u00e6lge det, som er bedst for dig, og til at  forholde dig konstruktivt til de udfordringer, du m\u00f8der i dit liv,  og de eventuelle omst\u00e6ndigheder i livet, som m\u00e5ske ikke kan \u00e6ndres.\n<\/div>\n<\/div>\n<\/div>\n<\/div><div class=\"bde-column-127-120 bde-column\">\n  \n  \n\t\n\n\n\n\n<\/div><div class=\"bde-column-127-113 bde-column\">\n  \n  \n\t\n\n\n\n<div class=\"bde-div-127-114 bde-div\">\n  \n  \n\t\n\n\n\n\n<\/div>\n<\/div><\/div><\/div>\n<\/section>","protected":false},"excerpt":{"rendered":"<p>Min arbejdsm\u00e5de Det kan kr\u00e6ve b\u00e5de mod og overvindelse, at s\u00f8ge psykologhj\u00e6lp for at f\u00e5 klaring p\u00e5 en problematik, som m\u00e5ske har bevirket en form for d\u00e5rlig trivsel. Men under hver samtale, tilstr\u00e6ber jeg, at skabe en tillidsv\u00e6kkende atmosf\u00e6re, som betyder at du oplever dig h\u00f8rt og forst\u00e5et, &#8211; men ogs\u00e5 til tider udfordret. Fagligt [&hellip;]<\/p>\n","protected":false},"author":1,"featured_media":0,"parent":0,"menu_order":0,"comment_status":"closed","ping_status":"closed","template":"","meta":{"_breakdance_hide_in_design_set":false,"_breakdance_tags":"","footnotes":""},"class_list":["post-127","page","type-page","status-publish","hentry"],"yoast_head":"<!-- This site is optimized with the Yoast SEO plugin v25.8 - https:\/\/yoast.com\/wordpress\/plugins\/seo\/ -->\n<title>Min arbejdsm\u00e5de - Psykolog - Ingeborg Bonnevie<\/title>\n<meta name=\"robots\" content=\"index, follow, max-snippet:-1, max-image-preview:large, max-video-preview:-1\" \/>\n<link rel=\"canonical\" href=\"https:\/\/ingeborgbonnevie.dk\/index.php\/min-arbejdsmaade\/\" \/>\n<meta property=\"og:locale\" content=\"da_DK\" \/>\n<meta property=\"og:type\" content=\"article\" \/>\n<meta property=\"og:title\" content=\"Min arbejdsm\u00e5de - Psykolog - Ingeborg Bonnevie\" \/>\n<meta property=\"og:description\" content=\"Min arbejdsm\u00e5de Det kan kr\u00e6ve b\u00e5de mod og overvindelse, at s\u00f8ge psykologhj\u00e6lp for at f\u00e5 klaring p\u00e5 en problematik, som m\u00e5ske har bevirket en form for d\u00e5rlig trivsel. Men under hver samtale, tilstr\u00e6ber jeg, at skabe en tillidsv\u00e6kkende atmosf\u00e6re, som betyder at du oplever dig h\u00f8rt og forst\u00e5et, - men ogs\u00e5 til tider udfordret. Fagligt [&hellip;]\" \/>\n<meta property=\"og:url\" content=\"https:\/\/ingeborgbonnevie.dk\/index.php\/min-arbejdsmaade\/\" \/>\n<meta property=\"og:site_name\" content=\"Psykolog - Ingeborg Bonnevie\" \/>\n<meta property=\"article:modified_time\" content=\"2025-09-15T07:14:16+00:00\" \/>\n<meta name=\"twitter:card\" content=\"summary_large_image\" \/>\n<meta name=\"twitter:label1\" content=\"Estimeret l\u00e6setid\" \/>\n\t<meta name=\"twitter:data1\" content=\"2 minutter\" \/>\n<script type=\"application\/ld+json\" class=\"yoast-schema-graph\">{\"@context\":\"https:\/\/schema.org\",\"@graph\":[{\"@type\":\"WebPage\",\"@id\":\"https:\/\/ingeborgbonnevie.dk\/index.php\/min-arbejdsmaade\/\",\"url\":\"https:\/\/ingeborgbonnevie.dk\/index.php\/min-arbejdsmaade\/\",\"name\":\"Min arbejdsm\u00e5de - Psykolog - Ingeborg Bonnevie\",\"isPartOf\":{\"@id\":\"https:\/\/ingeborgbonnevie.dk\/#website\"},\"datePublished\":\"2025-07-06T13:56:18+00:00\",\"dateModified\":\"2025-09-15T07:14:16+00:00\",\"breadcrumb\":{\"@id\":\"https:\/\/ingeborgbonnevie.dk\/index.php\/min-arbejdsmaade\/#breadcrumb\"},\"inLanguage\":\"da-DK\",\"potentialAction\":[{\"@type\":\"ReadAction\",\"target\":[\"https:\/\/ingeborgbonnevie.dk\/index.php\/min-arbejdsmaade\/\"]}]},{\"@type\":\"BreadcrumbList\",\"@id\":\"https:\/\/ingeborgbonnevie.dk\/index.php\/min-arbejdsmaade\/#breadcrumb\",\"itemListElement\":[{\"@type\":\"ListItem\",\"position\":1,\"name\":\"Hjem\",\"item\":\"https:\/\/ingeborgbonnevie.dk\/\"},{\"@type\":\"ListItem\",\"position\":2,\"name\":\"Min arbejdsm\u00e5de\"}]},{\"@type\":\"WebSite\",\"@id\":\"https:\/\/ingeborgbonnevie.dk\/#website\",\"url\":\"https:\/\/ingeborgbonnevie.dk\/\",\"name\":\"Psykolog - Ingeborg Bonnevie\",\"description\":\"Autoriseret psykolog, specialist i psykoterapi, voksne\",\"potentialAction\":[{\"@type\":\"SearchAction\",\"target\":{\"@type\":\"EntryPoint\",\"urlTemplate\":\"https:\/\/ingeborgbonnevie.dk\/?s={search_term_string}\"},\"query-input\":{\"@type\":\"PropertyValueSpecification\",\"valueRequired\":true,\"valueName\":\"search_term_string\"}}],\"inLanguage\":\"da-DK\"}]}<\/script>\n<!-- \/ Yoast SEO plugin. -->","yoast_head_json":{"title":"Min arbejdsm\u00e5de - Psykolog - Ingeborg Bonnevie","robots":{"index":"index","follow":"follow","max-snippet":"max-snippet:-1","max-image-preview":"max-image-preview:large","max-video-preview":"max-video-preview:-1"},"canonical":"https:\/\/ingeborgbonnevie.dk\/index.php\/min-arbejdsmaade\/","og_locale":"da_DK","og_type":"article","og_title":"Min arbejdsm\u00e5de - Psykolog - Ingeborg Bonnevie","og_description":"Min arbejdsm\u00e5de Det kan kr\u00e6ve b\u00e5de mod og overvindelse, at s\u00f8ge psykologhj\u00e6lp for at f\u00e5 klaring p\u00e5 en problematik, som m\u00e5ske har bevirket en form for d\u00e5rlig trivsel. Men under hver samtale, tilstr\u00e6ber jeg, at skabe en tillidsv\u00e6kkende atmosf\u00e6re, som betyder at du oplever dig h\u00f8rt og forst\u00e5et, - men ogs\u00e5 til tider udfordret. Fagligt [&hellip;]","og_url":"https:\/\/ingeborgbonnevie.dk\/index.php\/min-arbejdsmaade\/","og_site_name":"Psykolog - Ingeborg Bonnevie","article_modified_time":"2025-09-15T07:14:16+00:00","twitter_card":"summary_large_image","twitter_misc":{"Estimeret l\u00e6setid":"2 minutter"},"schema":{"@context":"https:\/\/schema.org","@graph":[{"@type":"WebPage","@id":"https:\/\/ingeborgbonnevie.dk\/index.php\/min-arbejdsmaade\/","url":"https:\/\/ingeborgbonnevie.dk\/index.php\/min-arbejdsmaade\/","name":"Min arbejdsm\u00e5de - Psykolog - Ingeborg Bonnevie","isPartOf":{"@id":"https:\/\/ingeborgbonnevie.dk\/#website"},"datePublished":"2025-07-06T13:56:18+00:00","dateModified":"2025-09-15T07:14:16+00:00","breadcrumb":{"@id":"https:\/\/ingeborgbonnevie.dk\/index.php\/min-arbejdsmaade\/#breadcrumb"},"inLanguage":"da-DK","potentialAction":[{"@type":"ReadAction","target":["https:\/\/ingeborgbonnevie.dk\/index.php\/min-arbejdsmaade\/"]}]},{"@type":"BreadcrumbList","@id":"https:\/\/ingeborgbonnevie.dk\/index.php\/min-arbejdsmaade\/#breadcrumb","itemListElement":[{"@type":"ListItem","position":1,"name":"Hjem","item":"https:\/\/ingeborgbonnevie.dk\/"},{"@type":"ListItem","position":2,"name":"Min arbejdsm\u00e5de"}]},{"@type":"WebSite","@id":"https:\/\/ingeborgbonnevie.dk\/#website","url":"https:\/\/ingeborgbonnevie.dk\/","name":"Psykolog - Ingeborg Bonnevie","description":"Autoriseret psykolog, specialist i psykoterapi, voksne","potentialAction":[{"@type":"SearchAction","target":{"@type":"EntryPoint","urlTemplate":"https:\/\/ingeborgbonnevie.dk\/?s={search_term_string}"},"query-input":{"@type":"PropertyValueSpecification","valueRequired":true,"valueName":"search_term_string"}}],"inLanguage":"da-DK"}]}},"_links":{"self":[{"href":"https:\/\/ingeborgbonnevie.dk\/index.php\/wp-json\/wp\/v2\/pages\/127","targetHints":{"allow":["GET"]}}],"collection":[{"href":"https:\/\/ingeborgbonnevie.dk\/index.php\/wp-json\/wp\/v2\/pages"}],"about":[{"href":"https:\/\/ingeborgbonnevie.dk\/index.php\/wp-json\/wp\/v2\/types\/page"}],"author":[{"embeddable":true,"href":"https:\/\/ingeborgbonnevie.dk\/index.php\/wp-json\/wp\/v2\/users\/1"}],"replies":[{"embeddable":true,"href":"https:\/\/ingeborgbonnevie.dk\/index.php\/wp-json\/wp\/v2\/comments?post=127"}],"version-history":[{"count":58,"href":"https:\/\/ingeborgbonnevie.dk\/index.php\/wp-json\/wp\/v2\/pages\/127\/revisions"}],"predecessor-version":[{"id":940,"href":"https:\/\/ingeborgbonnevie.dk\/index.php\/wp-json\/wp\/v2\/pages\/127\/revisions\/940"}],"wp:attachment":[{"href":"https:\/\/ingeborgbonnevie.dk\/index.php\/wp-json\/wp\/v2\/media?parent=127"}],"curies":[{"name":"wp","href":"https:\/\/api.w.org\/{rel}","templated":true}]}}