{"id":125,"date":"2025-07-06T15:56:05","date_gmt":"2025-07-06T13:56:05","guid":{"rendered":"https:\/\/ingeborgbonnevie.dk\/?page_id=125"},"modified":"2025-09-15T09:14:31","modified_gmt":"2025-09-15T07:14:31","slug":"ydelser","status":"publish","type":"page","link":"https:\/\/ingeborgbonnevie.dk\/index.php\/ydelser\/","title":{"rendered":"Ydelser"},"content":{"rendered":"<section class=\"bde-section-125-100 bde-section\">\n  \n  \n\t\n\n\n\n<div class=\"section-container\"><div class=\"bde-columns-125-122 bde-columns\"><div class=\"bde-column-125-123 bde-column\">\n  \n  \n\t\n\n\n\n<div class=\"bde-fancy-container-125-120 bde-fancy-container\">\n              \n  \n  \n\t\n\n  <div class=\"section-background-overlay\"><\/div>\n\n\n<div class=\"bde-div-125-126 bde-div\">\n  \n  \n\t\n\n\n\n<h2 class=\"bde-heading-125-127 bde-heading\">\nYdelser\n<\/h2><div class=\"bde-text-125-128 bde-text\">\n<br>Jeg tilbyder :\n<\/div><ul class=\"bde-basic-list-125-129 bde-basic-list\">\n  <li  >    \n          Individuelle samtaler \/ r\u00e5dgivning \/ terapi med voksne og unge fra 18 \u00e5r.\n      <\/li>\n  <li  >    \n           Parsamtaler - parterapi\n      <\/li>\n  <li  >    \n          Supervision individuel - gruppe\n      <\/li>\n  <li  >    \n          R\u00e5dgivning \/ samtaler med p\u00e5r\u00f8rende til psykisk eller fysisk syge\n      <\/li>\n<\/ul>\n<\/div><div class=\"bde-text-125-108 bde-text\">\nBehandling kan omhandle forskellige problemstillinger indenfor en r\u00e6kke omr\u00e5der, fx:\n<\/div><ul class=\"bde-basic-list-125-107 bde-basic-list\">\n  <li  >    \n          Depression\n      <\/li>\n  <li  >    \n          Angst\n      <\/li>\n  <li  >    \n          Livskriser\n      <\/li>\n  <li  >    \n          Sorg og tab\n      <\/li>\n  <li  >    \n          Stress og belastningstilstande\n      <\/li>\n  <li  >    \n          Selvv\u00e6rd\/selvtillids problemer\n      <\/li>\n  <li  >    \n          Eksistentielle problemer\n      <\/li>\n<\/ul><div class=\"bde-fancy-divider-125-131 bde-fancy-divider\">\n\n\n<div class=\"bde-fancy-divider__wrapper\">\n  <div class=\"bde-fancy-divider__separator   \">\n  \t  <\/div>\n<\/div>\n\n<\/div><div class=\"bde-rich-text-125-109 bde-rich-text breakdance-rich-text-styles\">\n<p>Jeg har i \u00f8jeblikket ingen ventetid<\/p><p>\u00d8nsker du samtaler telefonisk, kan dette lade sig g\u00f8re.<\/p><p><span style=\"font-weight: 400;\">Jeg er <strong>ikke<\/strong> tilknyttet den offentlige sygesikring, og kan derfor <strong>ikke tage imod henvisning fra din l\u00e6ge<\/strong>.\u00a0<\/span><\/p>\n<\/div><h4 class=\"bde-heading-125-112 bde-heading\">\n\n<\/h4><div class=\"bde-rich-text-125-114 bde-rich-text breakdance-rich-text-styles\">\n<p style=\"text-align: left;\"><b>\u00a0<\/b><\/p>\n<\/div>\n<\/div>\n<\/div><div class=\"bde-column-125-130 bde-column\">\n  \n  \n\t\n\n\n\n\n<\/div><div class=\"bde-column-125-124 bde-column\">\n  \n  \n\t\n\n\n\n<div class=\"bde-div-125-125 bde-div\">\n  \n  \n\t\n\n\n\n\n<\/div>\n<\/div><\/div><\/div>\n<\/section>","protected":false},"excerpt":{"rendered":"<p>Ydelser Jeg tilbyder : Individuelle samtaler \/ r\u00e5dgivning \/ terapi med voksne og unge fra 18 \u00e5r. Parsamtaler &#8211; parterapi Supervision individuel &#8211; gruppe R\u00e5dgivning \/ samtaler med p\u00e5r\u00f8rende til psykisk eller fysisk syge Behandling kan omhandle forskellige problemstillinger indenfor en r\u00e6kke omr\u00e5der, fx: Depression Angst Livskriser Sorg og tab Stress og belastningstilstande Selvv\u00e6rd\/selvtillids problemer [&hellip;]<\/p>\n","protected":false},"author":1,"featured_media":0,"parent":0,"menu_order":0,"comment_status":"closed","ping_status":"closed","template":"","meta":{"_breakdance_hide_in_design_set":false,"_breakdance_tags":"","footnotes":""},"class_list":["post-125","page","type-page","status-publish","hentry"],"yoast_head":"<!-- This site is optimized with the Yoast SEO plugin v25.8 - https:\/\/yoast.com\/wordpress\/plugins\/seo\/ -->\n<title>Ydelser - Psykolog - Ingeborg Bonnevie<\/title>\n<meta name=\"robots\" content=\"index, follow, max-snippet:-1, max-image-preview:large, max-video-preview:-1\" \/>\n<link rel=\"canonical\" href=\"https:\/\/ingeborgbonnevie.dk\/index.php\/ydelser\/\" \/>\n<meta property=\"og:locale\" content=\"da_DK\" \/>\n<meta property=\"og:type\" content=\"article\" \/>\n<meta property=\"og:title\" content=\"Ydelser - Psykolog - Ingeborg Bonnevie\" \/>\n<meta property=\"og:description\" content=\"Ydelser Jeg tilbyder : Individuelle samtaler \/ r\u00e5dgivning \/ terapi med voksne og unge fra 18 \u00e5r. Parsamtaler - parterapi Supervision individuel - gruppe R\u00e5dgivning \/ samtaler med p\u00e5r\u00f8rende til psykisk eller fysisk syge Behandling kan omhandle forskellige problemstillinger indenfor en r\u00e6kke omr\u00e5der, fx: Depression Angst Livskriser Sorg og tab Stress og belastningstilstande Selvv\u00e6rd\/selvtillids problemer [&hellip;]\" \/>\n<meta property=\"og:url\" content=\"https:\/\/ingeborgbonnevie.dk\/index.php\/ydelser\/\" \/>\n<meta property=\"og:site_name\" content=\"Psykolog - Ingeborg Bonnevie\" \/>\n<meta property=\"article:modified_time\" content=\"2025-09-15T07:14:31+00:00\" \/>\n<meta name=\"twitter:card\" content=\"summary_large_image\" \/>\n<meta name=\"twitter:label1\" content=\"Estimeret l\u00e6setid\" \/>\n\t<meta name=\"twitter:data1\" content=\"1 minut\" \/>\n<script type=\"application\/ld+json\" class=\"yoast-schema-graph\">{\"@context\":\"https:\/\/schema.org\",\"@graph\":[{\"@type\":\"WebPage\",\"@id\":\"https:\/\/ingeborgbonnevie.dk\/index.php\/ydelser\/\",\"url\":\"https:\/\/ingeborgbonnevie.dk\/index.php\/ydelser\/\",\"name\":\"Ydelser - Psykolog - Ingeborg Bonnevie\",\"isPartOf\":{\"@id\":\"https:\/\/ingeborgbonnevie.dk\/#website\"},\"datePublished\":\"2025-07-06T13:56:05+00:00\",\"dateModified\":\"2025-09-15T07:14:31+00:00\",\"breadcrumb\":{\"@id\":\"https:\/\/ingeborgbonnevie.dk\/index.php\/ydelser\/#breadcrumb\"},\"inLanguage\":\"da-DK\",\"potentialAction\":[{\"@type\":\"ReadAction\",\"target\":[\"https:\/\/ingeborgbonnevie.dk\/index.php\/ydelser\/\"]}]},{\"@type\":\"BreadcrumbList\",\"@id\":\"https:\/\/ingeborgbonnevie.dk\/index.php\/ydelser\/#breadcrumb\",\"itemListElement\":[{\"@type\":\"ListItem\",\"position\":1,\"name\":\"Hjem\",\"item\":\"https:\/\/ingeborgbonnevie.dk\/\"},{\"@type\":\"ListItem\",\"position\":2,\"name\":\"Ydelser\"}]},{\"@type\":\"WebSite\",\"@id\":\"https:\/\/ingeborgbonnevie.dk\/#website\",\"url\":\"https:\/\/ingeborgbonnevie.dk\/\",\"name\":\"Psykolog - Ingeborg Bonnevie\",\"description\":\"Autoriseret psykolog, specialist i psykoterapi, voksne\",\"potentialAction\":[{\"@type\":\"SearchAction\",\"target\":{\"@type\":\"EntryPoint\",\"urlTemplate\":\"https:\/\/ingeborgbonnevie.dk\/?s={search_term_string}\"},\"query-input\":{\"@type\":\"PropertyValueSpecification\",\"valueRequired\":true,\"valueName\":\"search_term_string\"}}],\"inLanguage\":\"da-DK\"}]}<\/script>\n<!-- \/ Yoast SEO plugin. -->","yoast_head_json":{"title":"Ydelser - Psykolog - Ingeborg Bonnevie","robots":{"index":"index","follow":"follow","max-snippet":"max-snippet:-1","max-image-preview":"max-image-preview:large","max-video-preview":"max-video-preview:-1"},"canonical":"https:\/\/ingeborgbonnevie.dk\/index.php\/ydelser\/","og_locale":"da_DK","og_type":"article","og_title":"Ydelser - Psykolog - Ingeborg Bonnevie","og_description":"Ydelser Jeg tilbyder : Individuelle samtaler \/ r\u00e5dgivning \/ terapi med voksne og unge fra 18 \u00e5r. Parsamtaler - parterapi Supervision individuel - gruppe R\u00e5dgivning \/ samtaler med p\u00e5r\u00f8rende til psykisk eller fysisk syge Behandling kan omhandle forskellige problemstillinger indenfor en r\u00e6kke omr\u00e5der, fx: Depression Angst Livskriser Sorg og tab Stress og belastningstilstande Selvv\u00e6rd\/selvtillids problemer [&hellip;]","og_url":"https:\/\/ingeborgbonnevie.dk\/index.php\/ydelser\/","og_site_name":"Psykolog - Ingeborg Bonnevie","article_modified_time":"2025-09-15T07:14:31+00:00","twitter_card":"summary_large_image","twitter_misc":{"Estimeret l\u00e6setid":"1 minut"},"schema":{"@context":"https:\/\/schema.org","@graph":[{"@type":"WebPage","@id":"https:\/\/ingeborgbonnevie.dk\/index.php\/ydelser\/","url":"https:\/\/ingeborgbonnevie.dk\/index.php\/ydelser\/","name":"Ydelser - Psykolog - Ingeborg Bonnevie","isPartOf":{"@id":"https:\/\/ingeborgbonnevie.dk\/#website"},"datePublished":"2025-07-06T13:56:05+00:00","dateModified":"2025-09-15T07:14:31+00:00","breadcrumb":{"@id":"https:\/\/ingeborgbonnevie.dk\/index.php\/ydelser\/#breadcrumb"},"inLanguage":"da-DK","potentialAction":[{"@type":"ReadAction","target":["https:\/\/ingeborgbonnevie.dk\/index.php\/ydelser\/"]}]},{"@type":"BreadcrumbList","@id":"https:\/\/ingeborgbonnevie.dk\/index.php\/ydelser\/#breadcrumb","itemListElement":[{"@type":"ListItem","position":1,"name":"Hjem","item":"https:\/\/ingeborgbonnevie.dk\/"},{"@type":"ListItem","position":2,"name":"Ydelser"}]},{"@type":"WebSite","@id":"https:\/\/ingeborgbonnevie.dk\/#website","url":"https:\/\/ingeborgbonnevie.dk\/","name":"Psykolog - Ingeborg Bonnevie","description":"Autoriseret psykolog, specialist i psykoterapi, voksne","potentialAction":[{"@type":"SearchAction","target":{"@type":"EntryPoint","urlTemplate":"https:\/\/ingeborgbonnevie.dk\/?s={search_term_string}"},"query-input":{"@type":"PropertyValueSpecification","valueRequired":true,"valueName":"search_term_string"}}],"inLanguage":"da-DK"}]}},"_links":{"self":[{"href":"https:\/\/ingeborgbonnevie.dk\/index.php\/wp-json\/wp\/v2\/pages\/125","targetHints":{"allow":["GET"]}}],"collection":[{"href":"https:\/\/ingeborgbonnevie.dk\/index.php\/wp-json\/wp\/v2\/pages"}],"about":[{"href":"https:\/\/ingeborgbonnevie.dk\/index.php\/wp-json\/wp\/v2\/types\/page"}],"author":[{"embeddable":true,"href":"https:\/\/ingeborgbonnevie.dk\/index.php\/wp-json\/wp\/v2\/users\/1"}],"replies":[{"embeddable":true,"href":"https:\/\/ingeborgbonnevie.dk\/index.php\/wp-json\/wp\/v2\/comments?post=125"}],"version-history":[{"count":76,"href":"https:\/\/ingeborgbonnevie.dk\/index.php\/wp-json\/wp\/v2\/pages\/125\/revisions"}],"predecessor-version":[{"id":941,"href":"https:\/\/ingeborgbonnevie.dk\/index.php\/wp-json\/wp\/v2\/pages\/125\/revisions\/941"}],"wp:attachment":[{"href":"https:\/\/ingeborgbonnevie.dk\/index.php\/wp-json\/wp\/v2\/media?parent=125"}],"curies":[{"name":"wp","href":"https:\/\/api.w.org\/{rel}","templated":true}]}}