{"id":123,"date":"2025-07-06T15:55:49","date_gmt":"2025-07-06T13:55:49","guid":{"rendered":"https:\/\/ingeborgbonnevie.dk\/?page_id=123"},"modified":"2025-09-15T09:14:44","modified_gmt":"2025-09-15T07:14:44","slug":"profil","status":"publish","type":"page","link":"https:\/\/ingeborgbonnevie.dk\/index.php\/profil\/","title":{"rendered":"Profil"},"content":{"rendered":"<section class=\"bde-section-123-104 bde-section\">\n  \n  \n\t\n\n\n\n<div class=\"section-container\"><div class=\"bde-columns-123-174 bde-columns\"><div class=\"bde-column-123-175 bde-column\">\n  \n  \n\t\n\n\n\n<div class=\"bde-fancy-container-123-172 bde-fancy-container\">\n              \n  \n  \n\t\n\n  <div class=\"section-background-overlay\"><\/div>\n\n\n<div class=\"bde-div-123-181 bde-div\">\n  \n  \n\t\n\n\n\n<h2 class=\"bde-heading-123-183 bde-heading\">\nProfil  \n<\/h2><div class=\"bde-text-123-180 bde-text\">\nJeg blev uddannet Cand. Psych. fra \u00c5rhus universitet i 1997.<br>Fik autorisation aF Psykologn\u00e6vnet under Socialministeriet i 2000.\n<\/div>\n<\/div><div class=\"bde-div-123-109 bde-div\">\n  \n  \n\t\n\n\n\n<h3 class=\"bde-heading-123-107 bde-heading\">\nAns\u00e6ttelser\n<\/h3><div class=\"bde-columns-123-110 bde-columns\"><div class=\"bde-column-123-111 bde-column\">\n  \n  \n\t\n\n\n\n<div class=\"bde-text-123-114 bde-text\">\nDistriktspsykiatrien, Middelfart\n<\/div><div class=\"bde-text-123-115 bde-text\">\nRehabiliteringsafdelingen, Odense\n<\/div><div class=\"bde-text-123-116 bde-text\">\nPrivatpraktiserende psykolog i Odense siden 2001 - \n<\/div><div class=\"bde-text-123-125 bde-text\">\nTilknyttet Fyns-Observations- og Behandlingscenter for kvinder med sv\u00e6kket for\u00e6ldreevne, Odense 2001 - 2003\n<\/div>\n<\/div><\/div>\n<\/div><div class=\"bde-div-123-126 bde-div\">\n  \n  \n\t\n\n\n\n<h3 class=\"bde-heading-123-127 bde-heading\">\nVidereuddannelse\n<\/h3><div class=\"bde-columns-123-128 bde-columns\"><div class=\"bde-column-123-129 bde-column\">\n  \n  \n\t\n\n\n\n<div class=\"bde-text-123-130 bde-text\">\nVidereuddannelse (specialistniveau) i Psykoanalytisk Psykoterapi (IPP).\n<\/div><div class=\"bde-text-123-131 bde-text\">\nSupervisoruddannelse v\/ Institut for Psykoanalytisk Psykoterapi (IPP).\n<\/div><div class=\"bde-text-123-132 bde-text\">\nDeltager regelm\u00e6ssigt  i kurser med psykologfagligt indhold.<br>Modtager l\u00f8bende  supervision i mit arbejde.\n<\/div><div class=\"bde-text-123-133 bde-text\">\n\n<\/div>\n<\/div><\/div>\n<\/div><div class=\"bde-div-123-144 bde-div\">\n  \n  \n\t\n\n\n\n<h3 class=\"bde-heading-123-145 bde-heading\">\nUndervisning - supervision\n<\/h3><div class=\"bde-columns-123-146 bde-columns\"><div class=\"bde-column-123-147 bde-column\">\n  \n  \n\t\n\n\n\n<div class=\"bde-text-123-148 bde-text\">\nJeg har undervist forskellige faggrupper indenfor Psykiatri, Rehabilitering, Somatisk hospitalsregi og Kommunale sagsbehandlere  i fagrelevante temaer. <br>Jeg har superviseret psykologer, l\u00e6ger, og andre faggrupper tilknyttet privatpraksisregi og kommunale institutioner.\n<\/div>\n<\/div><\/div>\n<\/div><div class=\"bde-div-123-167 bde-div\">\n  \n  \n\t\n\n\n\n<h3 class=\"bde-heading-123-168 bde-heading\">\nPublikationer\n<\/h3><div class=\"bde-columns-123-169 bde-columns\"><div class=\"bde-column-123-170 bde-column\">\n  \n  \n\t\n\n\n\n<div class=\"bde-text-123-171 bde-text\">\nHar skrevet en fagbog om empati: \u201dEmpati i den sundhedsprofessionelle relation\u201d, udgivet p\u00e5 Gads Forlag 2023. Bogen henvender sig til studerende p\u00e5 de sundhedsprofessionelle grund \u2013 og videreuddannelser samt til andre tilknyttede professionelle fagpersoner, der arbejder i vores sundhedssystem.                                   <br>\n<\/div>\n<\/div><\/div>\n<\/div><div class=\"bde-div-123-162 bde-div\">\n  \n  \n\t\n\n\n\n<h3 class=\"bde-heading-123-163 bde-heading\">\nTidligere\n<\/h3><div class=\"bde-columns-123-164 bde-columns\"><div class=\"bde-column-123-165 bde-column\">\n  \n  \n\t\n\n\n\n<div class=\"bde-text-123-166 bde-text\">\nBlev uddannet sygeplejerske i 1969 og har arbejdet som sygeplejerske  i sundhedsv\u00e6senet  b\u00e5de indenfor somatikken og psykiatrien, indtil 1997.\n<\/div>\n<\/div><\/div>\n<\/div>\n<\/div>\n<\/div><div class=\"bde-column-123-184 bde-column\">\n  \n  \n\t\n\n\n\n\n<\/div><div class=\"bde-column-123-176 bde-column\">\n  \n  \n\t\n\n\n\n<div class=\"bde-div-123-177 bde-div\">\n  \n  \n\t\n\n\n\n\n<\/div>\n<\/div><\/div><\/div>\n<\/section>","protected":false},"excerpt":{"rendered":"<p>Profil Jeg blev uddannet Cand. Psych. fra \u00c5rhus universitet i 1997.Fik autorisation aF Psykologn\u00e6vnet under Socialministeriet i 2000. Ans\u00e6ttelser Distriktspsykiatrien, Middelfart Rehabiliteringsafdelingen, Odense Privatpraktiserende psykolog i Odense siden 2001 &#8211; Tilknyttet Fyns-Observations- og Behandlingscenter for kvinder med sv\u00e6kket for\u00e6ldreevne, Odense 2001 &#8211; 2003 Videreuddannelse Videreuddannelse (specialistniveau) i Psykoanalytisk Psykoterapi (IPP). Supervisoruddannelse v\/ Institut for Psykoanalytisk [&hellip;]<\/p>\n","protected":false},"author":1,"featured_media":0,"parent":0,"menu_order":0,"comment_status":"closed","ping_status":"closed","template":"","meta":{"_breakdance_hide_in_design_set":false,"_breakdance_tags":"","footnotes":""},"class_list":["post-123","page","type-page","status-publish","hentry"],"yoast_head":"<!-- This site is optimized with the Yoast SEO plugin v25.8 - https:\/\/yoast.com\/wordpress\/plugins\/seo\/ -->\n<title>Profil - Psykolog - Ingeborg Bonnevie<\/title>\n<meta name=\"robots\" content=\"index, follow, max-snippet:-1, max-image-preview:large, max-video-preview:-1\" \/>\n<link rel=\"canonical\" href=\"https:\/\/ingeborgbonnevie.dk\/index.php\/profil\/\" \/>\n<meta property=\"og:locale\" content=\"da_DK\" \/>\n<meta property=\"og:type\" content=\"article\" \/>\n<meta property=\"og:title\" content=\"Profil - Psykolog - Ingeborg Bonnevie\" \/>\n<meta property=\"og:description\" content=\"Profil Jeg blev uddannet Cand. Psych. fra \u00c5rhus universitet i 1997.Fik autorisation aF Psykologn\u00e6vnet under Socialministeriet i 2000. Ans\u00e6ttelser Distriktspsykiatrien, Middelfart Rehabiliteringsafdelingen, Odense Privatpraktiserende psykolog i Odense siden 2001 - Tilknyttet Fyns-Observations- og Behandlingscenter for kvinder med sv\u00e6kket for\u00e6ldreevne, Odense 2001 - 2003 Videreuddannelse Videreuddannelse (specialistniveau) i Psykoanalytisk Psykoterapi (IPP). Supervisoruddannelse v\/ Institut for Psykoanalytisk [&hellip;]\" \/>\n<meta property=\"og:url\" content=\"https:\/\/ingeborgbonnevie.dk\/index.php\/profil\/\" \/>\n<meta property=\"og:site_name\" content=\"Psykolog - Ingeborg Bonnevie\" \/>\n<meta property=\"article:modified_time\" content=\"2025-09-15T07:14:44+00:00\" \/>\n<meta name=\"twitter:card\" content=\"summary_large_image\" \/>\n<meta name=\"twitter:label1\" content=\"Estimeret l\u00e6setid\" \/>\n\t<meta name=\"twitter:data1\" content=\"2 minutter\" \/>\n<script type=\"application\/ld+json\" class=\"yoast-schema-graph\">{\"@context\":\"https:\/\/schema.org\",\"@graph\":[{\"@type\":\"WebPage\",\"@id\":\"https:\/\/ingeborgbonnevie.dk\/index.php\/profil\/\",\"url\":\"https:\/\/ingeborgbonnevie.dk\/index.php\/profil\/\",\"name\":\"Profil - Psykolog - Ingeborg Bonnevie\",\"isPartOf\":{\"@id\":\"https:\/\/ingeborgbonnevie.dk\/#website\"},\"datePublished\":\"2025-07-06T13:55:49+00:00\",\"dateModified\":\"2025-09-15T07:14:44+00:00\",\"breadcrumb\":{\"@id\":\"https:\/\/ingeborgbonnevie.dk\/index.php\/profil\/#breadcrumb\"},\"inLanguage\":\"da-DK\",\"potentialAction\":[{\"@type\":\"ReadAction\",\"target\":[\"https:\/\/ingeborgbonnevie.dk\/index.php\/profil\/\"]}]},{\"@type\":\"BreadcrumbList\",\"@id\":\"https:\/\/ingeborgbonnevie.dk\/index.php\/profil\/#breadcrumb\",\"itemListElement\":[{\"@type\":\"ListItem\",\"position\":1,\"name\":\"Hjem\",\"item\":\"https:\/\/ingeborgbonnevie.dk\/\"},{\"@type\":\"ListItem\",\"position\":2,\"name\":\"Profil\"}]},{\"@type\":\"WebSite\",\"@id\":\"https:\/\/ingeborgbonnevie.dk\/#website\",\"url\":\"https:\/\/ingeborgbonnevie.dk\/\",\"name\":\"Psykolog - Ingeborg Bonnevie\",\"description\":\"Autoriseret psykolog, specialist i psykoterapi, voksne\",\"potentialAction\":[{\"@type\":\"SearchAction\",\"target\":{\"@type\":\"EntryPoint\",\"urlTemplate\":\"https:\/\/ingeborgbonnevie.dk\/?s={search_term_string}\"},\"query-input\":{\"@type\":\"PropertyValueSpecification\",\"valueRequired\":true,\"valueName\":\"search_term_string\"}}],\"inLanguage\":\"da-DK\"}]}<\/script>\n<!-- \/ Yoast SEO plugin. -->","yoast_head_json":{"title":"Profil - Psykolog - Ingeborg Bonnevie","robots":{"index":"index","follow":"follow","max-snippet":"max-snippet:-1","max-image-preview":"max-image-preview:large","max-video-preview":"max-video-preview:-1"},"canonical":"https:\/\/ingeborgbonnevie.dk\/index.php\/profil\/","og_locale":"da_DK","og_type":"article","og_title":"Profil - Psykolog - Ingeborg Bonnevie","og_description":"Profil Jeg blev uddannet Cand. Psych. fra \u00c5rhus universitet i 1997.Fik autorisation aF Psykologn\u00e6vnet under Socialministeriet i 2000. Ans\u00e6ttelser Distriktspsykiatrien, Middelfart Rehabiliteringsafdelingen, Odense Privatpraktiserende psykolog i Odense siden 2001 - Tilknyttet Fyns-Observations- og Behandlingscenter for kvinder med sv\u00e6kket for\u00e6ldreevne, Odense 2001 - 2003 Videreuddannelse Videreuddannelse (specialistniveau) i Psykoanalytisk Psykoterapi (IPP). Supervisoruddannelse v\/ Institut for Psykoanalytisk [&hellip;]","og_url":"https:\/\/ingeborgbonnevie.dk\/index.php\/profil\/","og_site_name":"Psykolog - Ingeborg Bonnevie","article_modified_time":"2025-09-15T07:14:44+00:00","twitter_card":"summary_large_image","twitter_misc":{"Estimeret l\u00e6setid":"2 minutter"},"schema":{"@context":"https:\/\/schema.org","@graph":[{"@type":"WebPage","@id":"https:\/\/ingeborgbonnevie.dk\/index.php\/profil\/","url":"https:\/\/ingeborgbonnevie.dk\/index.php\/profil\/","name":"Profil - Psykolog - Ingeborg Bonnevie","isPartOf":{"@id":"https:\/\/ingeborgbonnevie.dk\/#website"},"datePublished":"2025-07-06T13:55:49+00:00","dateModified":"2025-09-15T07:14:44+00:00","breadcrumb":{"@id":"https:\/\/ingeborgbonnevie.dk\/index.php\/profil\/#breadcrumb"},"inLanguage":"da-DK","potentialAction":[{"@type":"ReadAction","target":["https:\/\/ingeborgbonnevie.dk\/index.php\/profil\/"]}]},{"@type":"BreadcrumbList","@id":"https:\/\/ingeborgbonnevie.dk\/index.php\/profil\/#breadcrumb","itemListElement":[{"@type":"ListItem","position":1,"name":"Hjem","item":"https:\/\/ingeborgbonnevie.dk\/"},{"@type":"ListItem","position":2,"name":"Profil"}]},{"@type":"WebSite","@id":"https:\/\/ingeborgbonnevie.dk\/#website","url":"https:\/\/ingeborgbonnevie.dk\/","name":"Psykolog - Ingeborg Bonnevie","description":"Autoriseret psykolog, specialist i psykoterapi, voksne","potentialAction":[{"@type":"SearchAction","target":{"@type":"EntryPoint","urlTemplate":"https:\/\/ingeborgbonnevie.dk\/?s={search_term_string}"},"query-input":{"@type":"PropertyValueSpecification","valueRequired":true,"valueName":"search_term_string"}}],"inLanguage":"da-DK"}]}},"_links":{"self":[{"href":"https:\/\/ingeborgbonnevie.dk\/index.php\/wp-json\/wp\/v2\/pages\/123","targetHints":{"allow":["GET"]}}],"collection":[{"href":"https:\/\/ingeborgbonnevie.dk\/index.php\/wp-json\/wp\/v2\/pages"}],"about":[{"href":"https:\/\/ingeborgbonnevie.dk\/index.php\/wp-json\/wp\/v2\/types\/page"}],"author":[{"embeddable":true,"href":"https:\/\/ingeborgbonnevie.dk\/index.php\/wp-json\/wp\/v2\/users\/1"}],"replies":[{"embeddable":true,"href":"https:\/\/ingeborgbonnevie.dk\/index.php\/wp-json\/wp\/v2\/comments?post=123"}],"version-history":[{"count":80,"href":"https:\/\/ingeborgbonnevie.dk\/index.php\/wp-json\/wp\/v2\/pages\/123\/revisions"}],"predecessor-version":[{"id":942,"href":"https:\/\/ingeborgbonnevie.dk\/index.php\/wp-json\/wp\/v2\/pages\/123\/revisions\/942"}],"wp:attachment":[{"href":"https:\/\/ingeborgbonnevie.dk\/index.php\/wp-json\/wp\/v2\/media?parent=123"}],"curies":[{"name":"wp","href":"https:\/\/api.w.org\/{rel}","templated":true}]}}